{"id":235,"date":"2021-12-03T13:37:48","date_gmt":"2021-12-03T13:37:48","guid":{"rendered":"https:\/\/junistrustcapital.com\/?page_id=235"},"modified":"2023-10-27T09:30:18","modified_gmt":"2023-10-27T09:30:18","slug":"home-2","status":"publish","type":"page","link":"https:\/\/junistrustcapital.com\/","title":{"rendered":"Home"},"content":{"rendered":"<p>[vc_row css_animation=&#8220;element_from_fade&#8220; row_type=&#8220;row&#8220; use_row_as_full_screen_section=&#8220;no&#8220; type=&#8220;full_width&#8220; angled_section=&#8220;no&#8220; text_align=&#8220;left&#8220; background_image_as_pattern=&#8220;without_pattern&#8220; el_class=&#8220;jtc-teaser-backcolored&#8220; z_index=&#8220;&#8220;][vc_column el_class=&#8220;jtc-reversed-columns&#8220;][qode_elements_holder number_of_columns=&#8220;two_columns&#8220; switch_to_one_column=&#8220;1300&#8243;][qode_elements_holder_item vertical_alignment=&#8220;middle&#8220; advanced_animations=&#8220;no&#8220; background_color=&#8220;#7ab0b3&#8243; item_padding=&#8220;10%&#8220;][vc_column_text]<\/p>\n<h1><strong>Willkommen bei<\/strong><br \/>\nJUNIS TRUST CAPITAL<\/h1>\n<p>[\/vc_column_text][vc_empty_space height=&#8220;50px&#8220;][vc_column_text]Junis Trust Capital ist eine Beteiligungsgesellschaft, die in mittelst\u00e4ndische Unternehmen investiert, welche auf ein funktionierendes Gesch\u00e4ftsmodell zur\u00fcckgreifen und durch den Einsatz monet\u00e4rer, operativer und strategischer Ma\u00dfnahmen weiterentwickelt werden k\u00f6nnen.<\/p>\n<p>&nbsp;<\/p>\n<p>Ziel ist es, die erworbenen Unternehmen gemeinsam zu nachhaltigem Wachstum zu f\u00fchren. Eine vertrauensvolle Zusammenarbeit ist hierf\u00fcr stets die Basis.<\/p>\n<p>&nbsp;<\/p>\n<p>Weitere Investments werden in selektive Start-ups get\u00e4tigt.[\/vc_column_text][\/qode_elements_holder_item][qode_elements_holder_item vertical_alignment=&#8220;middle&#8220; advanced_animations=&#8220;no&#8220;][vc_single_image image=&#8220;101&#8243; img_size=&#8220;full&#8220; qode_css_animation=&#8220;&#8220; qode_hover_animation=&#8220;zoom_in&#8220; el_class=&#8220;jtc-stage-img-desktop&#8220;][vc_single_image image=&#8220;103&#8243; img_size=&#8220;full&#8220; qode_css_animation=&#8220;&#8220; el_class=&#8220;jtc-stage-img-smart&#8220;][\/qode_elements_holder_item][\/qode_elements_holder][\/vc_column][\/vc_row][vc_row css_animation=&#8220;&#8220; row_type=&#8220;row&#8220; use_row_as_full_screen_section=&#8220;no&#8220; type=&#8220;grid&#8220; angled_section=&#8220;no&#8220; text_align=&#8220;left&#8220; background_image_as_pattern=&#8220;without_pattern&#8220; z_index=&#8220;&#8220; padding_top=&#8220;170&#8243; anchor=&#8220;philosophie&#8220;][vc_column offset=&#8220;vc_col-md-offset-2 vc_col-md-8&#8243;][vc_column_text]<\/p>\n<h2>Unsere <strong>Philosophie<\/strong><\/h2>\n<p>[\/vc_column_text][vc_empty_space height=&#8220;30px&#8220;][vc_column_text]Der Mittelstand unterliegt stetigen Schwankungen und Herausforderungen. Diese kennen wir aus unseren langj\u00e4hrigen einschl\u00e4gigen Erfahrungen und diese m\u00f6chten wir gemeinsam meistern.<\/p>\n<p>&nbsp;<\/p>\n<p>Mit unserem sehr erfahrenen und sympathischen Team sind wir in der Lage, schnell, unkompliziert und zuverl\u00e4ssig zu agieren. Finanziell sind wir aufgrund von institutionellen Investoren und Family Offices hervorragend ausgestattet und damit breit aufgestellt.<\/p>\n<p>&nbsp;<\/p>\n<p>Zusammen mit unseren Experten begleiten wir das erworbene Unternehmen aktiv auf seiner Reise. Insbesondere in den Bereichen Strategie, Finanzen, Recht, Personal, Vertrieb und Marketing sind unsere Experten unterst\u00fctzend vor Ort.[\/vc_column_text][\/vc_column][\/vc_row][vc_row css_animation=&#8220;&#8220; row_type=&#8220;row&#8220; use_row_as_full_screen_section=&#8220;no&#8220; type=&#8220;grid&#8220; angled_section=&#8220;no&#8220; text_align=&#8220;left&#8220; background_image_as_pattern=&#8220;without_pattern&#8220; z_index=&#8220;&#8220; padding_bottom=&#8220;200&#8243; el_class=&#8220;jtc-tripple-teaser jtc-partner-row&#8220; padding_top=&#8220;200&#8243;][vc_column width=&#8220;1\/3&#8243;][vc_single_image image=&#8220;374&#8243; img_size=&#8220;full&#8220; qode_css_animation=&#8220;&#8220;][vc_empty_space height=&#8220;30px&#8220;][vc_row_inner row_type=&#8220;row&#8220; type=&#8220;full_width&#8220; text_align=&#8220;left&#8220; css_animation=&#8220;&#8220;][vc_column_inner][vc_single_image image=&#8220;208&#8243; img_size=&#8220;full&#8220; alignment=&#8220;center&#8220; qode_css_animation=&#8220;&#8220; el_class=&#8220;jtc-partner-img&#8220;][vc_single_image image=&#8220;209&#8243; img_size=&#8220;full&#8220; qode_css_animation=&#8220;&#8220; el_class=&#8220;jtc-partner-hover-img&#8220;][\/vc_column_inner][\/vc_row_inner][vc_empty_space height=&#8220;30px&#8220;][\/vc_column][vc_column width=&#8220;1\/3&#8243;][vc_single_image image=&#8220;313&#8243; img_size=&#8220;full&#8220; qode_css_animation=&#8220;&#8220;][vc_empty_space height=&#8220;30px&#8220;][vc_single_image image=&#8220;246&#8243; img_size=&#8220;full&#8220; qode_css_animation=&#8220;&#8220;][vc_empty_space height=&#8220;30px&#8220;][\/vc_column][vc_column width=&#8220;1\/3&#8243;][vc_row_inner row_type=&#8220;row&#8220; type=&#8220;full_width&#8220; text_align=&#8220;left&#8220; css_animation=&#8220;&#8220;][vc_column_inner][vc_single_image image=&#8220;34&#8243; img_size=&#8220;full&#8220; alignment=&#8220;center&#8220; qode_css_animation=&#8220;&#8220; el_class=&#8220;jtc-partner-img&#8220;][vc_single_image image=&#8220;87&#8243; img_size=&#8220;full&#8220; qode_css_animation=&#8220;&#8220; el_class=&#8220;jtc-partner-hover-img&#8220;][\/vc_column_inner][\/vc_row_inner][vc_empty_space height=&#8220;30px&#8220;][vc_single_image image=&#8220;45&#8243; img_size=&#8220;full&#8220; qode_css_animation=&#8220;&#8220;][\/vc_column][\/vc_row][vc_row css_animation=&#8220;&#8220; row_type=&#8220;row&#8220; use_row_as_full_screen_section=&#8220;no&#8220; type=&#8220;grid&#8220; angled_section=&#8220;no&#8220; text_align=&#8220;left&#8220; background_image_as_pattern=&#8220;without_pattern&#8220; z_index=&#8220;&#8220; padding_top=&#8220;70&#8243; background_color=&#8220;#7ab0b3&#8243; padding_bottom=&#8220;100&#8243; el_class=&#8220;jtc-teaser-backcolored&#8220; anchor=&#8220;mission&#8220;][vc_column][vc_row_inner row_type=&#8220;row&#8220; type=&#8220;grid&#8220; text_align=&#8220;left&#8220; css_animation=&#8220;&#8220;][vc_column_inner][qode_elements_holder number_of_columns=&#8220;two_columns&#8220;][qode_elements_holder_item vertical_alignment=&#8220;middle&#8220; advanced_animations=&#8220;no&#8220;][vc_column_text]<\/p>\n<h2>Unsere <strong>Mission<\/strong><\/h2>\n<p>[\/vc_column_text][vc_empty_space height=&#8220;30px&#8220;][vc_column_text]Eine Unternehmenstransaktion lebt mitunter davon, dem k\u00fcnftigen Partner Sicherheit und Vertrauen zu geben, die Transaktion ruhig, unaufgeregt und fair \u00fcber die Zielgrade zu f\u00fchren.<\/p>\n<p>&nbsp;<\/p>\n<p>Das n\u00f6tige Fingerspitzengef\u00fchl, die Erfahrung und das n\u00f6tige Kapital dazu bringt unser Haus mit sich. Wichtig ist f\u00fcr uns, dass es stets ein gemeinsames Projekt ist und eine L\u00f6sung f\u00fcr die Zukunft gestaltet werden soll.<\/p>\n<p>&nbsp;<\/p>\n<p>Bei Fusionen und \u00dcbernahmen geht es letztlich prim\u00e4r nicht nur um das Unternehmen, sondern auch und insbesondere um die dahinter stehenden Menschen. Dem wollen wir gerecht werden.<\/p>\n<p>&nbsp;<\/p>\n<p>Der Kapitalmarkt unterliegt stetigen Schwankungen und Herausforderungen. Junis Trust Capital ist hier ebenfalls hervorragend aufgestellt. Auch hier agieren wir stets im Sinne unserer Investoren, die uns ihr Vertrauen bereits seit vielen Jahren ausgesprochen haben.[\/vc_column_text][\/qode_elements_holder_item][qode_elements_holder_item vertical_alignment=&#8220;middle&#8220; advanced_animations=&#8220;no&#8220; item_padding=&#8220;15%&#8220; item_padding_600_768=&#8220;15% 0% 0% 0%&#8220; item_padding_480_600=&#8220;15% 0% 0% 0%&#8220; item_padding_480=&#8220;15% 0% 0% 0%&#8220;][vc_single_image image=&#8220;47&#8243; img_size=&#8220;full&#8220; qode_css_animation=&#8220;&#8220;][\/qode_elements_holder_item][\/qode_elements_holder][\/vc_column_inner][\/vc_row_inner][\/vc_column][\/vc_row][vc_row css_animation=&#8220;&#8220; row_type=&#8220;row&#8220; use_row_as_full_screen_section=&#8220;no&#8220; type=&#8220;grid&#8220; angled_section=&#8220;no&#8220; text_align=&#8220;left&#8220; background_image_as_pattern=&#8220;without_pattern&#8220; z_index=&#8220;&#8220; el_class=&#8220;jtc-tripple-teaser&#8220; padding_top=&#8220;200&#8243;][vc_column width=&#8220;1\/3&#8243;][vc_single_image image=&#8220;247&#8243; img_size=&#8220;full&#8220; qode_css_animation=&#8220;&#8220;][vc_empty_space height=&#8220;30px&#8220;][\/vc_column][vc_column width=&#8220;1\/3&#8243;][vc_single_image image=&#8220;367&#8243; img_size=&#8220;full&#8220; qode_css_animation=&#8220;&#8220;][vc_empty_space height=&#8220;30px&#8220;][\/vc_column][vc_column width=&#8220;1\/3&#8243;][vc_single_image image=&#8220;250&#8243; img_size=&#8220;full&#8220; qode_css_animation=&#8220;&#8220;][vc_empty_space height=&#8220;30px&#8220;][\/vc_column][\/vc_row][vc_row css_animation=&#8220;element_from_bottom&#8220; row_type=&#8220;row&#8220; use_row_as_full_screen_section=&#8220;no&#8220; type=&#8220;grid&#8220; angled_section=&#8220;no&#8220; text_align=&#8220;left&#8220; background_image_as_pattern=&#8220;without_pattern&#8220; z_index=&#8220;&#8220; padding_bottom=&#8220;100&#8243; padding_top=&#8220;50&#8243; el_class=&#8220;mobile-spacing&#8220;][vc_column offset=&#8220;vc_col-md-offset-2 vc_col-md-8&#8243;][vc_column_text]Wir sind die Ideenmanufaktur f\u00fcr L\u00f6sungen, die sich erheblich von Marktstandards abheben. Unternehmen vertrauen unserer Integrit\u00e4t, unserem Netzwerk und unserer Transaktionssicherheit. Unsere Struktur garantiert heute und in Zukunft eine partnerschaftliche Zusammenarbeit auf Augenh\u00f6he.[\/vc_column_text][\/vc_column][\/vc_row][vc_row css_animation=&#8220;&#8220; row_type=&#8220;row&#8220; use_row_as_full_screen_section=&#8220;no&#8220; type=&#8220;grid&#8220; angled_section=&#8220;no&#8220; text_align=&#8220;left&#8220; background_image_as_pattern=&#8220;without_pattern&#8220; z_index=&#8220;&#8220; padding_top=&#8220;120&#8243; anchor=&#8220;team&#8220; el_class=&#8220;jtc-quad-teaser&#8220;][vc_column][vc_row_inner row_type=&#8220;row&#8220; type=&#8220;full_width&#8220; text_align=&#8220;left&#8220; css_animation=&#8220;&#8220;][vc_column_inner width=&#8220;2\/3&#8243;][vc_single_image image=&#8220;49&#8243; img_size=&#8220;full&#8220; qode_css_animation=&#8220;&#8220;][vc_empty_space height=&#8220;30px&#8220;][\/vc_column_inner][vc_column_inner width=&#8220;1\/3&#8243;][vc_single_image image=&#8220;50&#8243; img_size=&#8220;full&#8220; qode_css_animation=&#8220;&#8220;][vc_empty_space height=&#8220;30px&#8220;][\/vc_column_inner][\/vc_row_inner][\/vc_column][\/vc_row][vc_row css_animation=&#8220;element_from_bottom&#8220; row_type=&#8220;row&#8220; use_row_as_full_screen_section=&#8220;no&#8220; type=&#8220;grid&#8220; angled_section=&#8220;no&#8220; text_align=&#8220;left&#8220; background_image_as_pattern=&#8220;without_pattern&#8220; z_index=&#8220;&#8220; padding_top=&#8220;50&#8243;][vc_column offset=&#8220;vc_col-md-offset-2 vc_col-md-8&#8243;][vc_column_text]<\/p>\n<h2>Antonio Marra<br \/>\n<strong>Beirat<\/strong><\/h2>\n<p>[\/vc_column_text][vc_empty_space height=&#8220;30px&#8220;][vc_column_text]Oftmals fehlt es in einer Zeit, in der es scheinbar nicht schnell und effizient genug gehen kann, an einem Korrektiv was zum Innehalten anregt.<\/p>\n<p>&nbsp;<\/p>\n<p>Bei unternehmerischen Weichenstellungen ist die Meinung eines lebenserfahrenen \u201eFreigeistes\u201c genau das Richtige. Jemand, der an Menschlichkeit appelliert in Momenten der Vollgeschwindigkeit.<\/p>\n<p>&nbsp;<\/p>\n<p>Antonio Marra ist nicht nur ein sehr renommierter K\u00fcnstler, er ist auch ein erfolgreicher Mensch und ein unersch\u00fctterlicher Optimist. Mit seiner Offenheit, seiner W\u00e4rme und auch mit seinem Scharfsinn verhilft er Junis Trust Capital die richtigen Entscheidungen zu treffen.[\/vc_column_text][\/vc_column][\/vc_row][vc_row css_animation=&#8220;&#8220; row_type=&#8220;row&#8220; use_row_as_full_screen_section=&#8220;no&#8220; type=&#8220;grid&#8220; angled_section=&#8220;no&#8220; text_align=&#8220;left&#8220; background_image_as_pattern=&#8220;without_pattern&#8220; z_index=&#8220;&#8220; padding_top=&#8220;200&#8243; anchor=&#8220;team&#8220; el_class=&#8220;jtc-quad-teaser&#8220;][vc_column][vc_row_inner row_type=&#8220;row&#8220; type=&#8220;full_width&#8220; text_align=&#8220;left&#8220; css_animation=&#8220;&#8220;][vc_column_inner width=&#8220;2\/3&#8243;][vc_single_image image=&#8220;361&#8243; img_size=&#8220;full&#8220; qode_css_animation=&#8220;&#8220;][vc_empty_space height=&#8220;30px&#8220;][\/vc_column_inner][vc_column_inner width=&#8220;1\/3&#8243;][vc_single_image image=&#8220;362&#8243; img_size=&#8220;full&#8220; qode_css_animation=&#8220;&#8220;][vc_empty_space height=&#8220;30px&#8220;][\/vc_column_inner][\/vc_row_inner][\/vc_column][\/vc_row][vc_row css_animation=&#8220;element_from_bottom&#8220; row_type=&#8220;row&#8220; use_row_as_full_screen_section=&#8220;no&#8220; type=&#8220;grid&#8220; angled_section=&#8220;no&#8220; text_align=&#8220;left&#8220; background_image_as_pattern=&#8220;without_pattern&#8220; z_index=&#8220;&#8220; padding_top=&#8220;50&#8243;][vc_column offset=&#8220;vc_col-md-offset-2 vc_col-md-8&#8243;][vc_column_text]<\/p>\n<h2>Prof. Dr. Sepita Ansari<br \/>\n<strong>Digitalisierung und Innovation<\/strong><\/h2>\n<p>[\/vc_column_text][vc_empty_space height=&#8220;30px&#8220;][vc_column_text]In Zeiten von KI und Digitalisierung und den damit einhergehenden Ver\u00e4nderungen in der Deallandschaft und den Targetstrukturen freuen wir uns sehr, Prof. Dr. Sepita Ansari in unserem Team f\u00fcr die Themen Digitalisierung und Innovation zu haben.<\/p>\n<p>&nbsp;<\/p>\n<p>Sepita ist ein ausgewiesener Experte auf dem Gebiet des Digitalen Marketings. In seiner Rolle auch als Beirat tr\u00e4gt er kontinuierlich zur Weiterentwicklung und Modernisierung unserer Gesch\u00e4ftsprozesse bei. Seine umfangreichen unternehmerischen Erfahrungen und sein Engagement in der akademischen Welt sind f\u00fcr uns eine enorme Bereicherung und st\u00e4rken unsere Position und Reputation.[\/vc_column_text][\/vc_column][\/vc_row][vc_row css_animation=&#8220;&#8220; row_type=&#8220;row&#8220; use_row_as_full_screen_section=&#8220;no&#8220; type=&#8220;grid&#8220; angled_section=&#8220;no&#8220; text_align=&#8220;left&#8220; background_image_as_pattern=&#8220;without_pattern&#8220; z_index=&#8220;&#8220; el_class=&#8220;jtc-quad-teaser&#8220; padding_top=&#8220;200&#8243;][vc_column width=&#8220;2\/3&#8243;][vc_single_image image=&#8220;273&#8243; img_size=&#8220;full&#8220; qode_css_animation=&#8220;&#8220;][vc_empty_space height=&#8220;30px&#8220;][\/vc_column][vc_column width=&#8220;1\/3&#8243;][vc_single_image image=&#8220;272&#8243; img_size=&#8220;full&#8220; qode_css_animation=&#8220;&#8220;][vc_empty_space height=&#8220;30px&#8220;][\/vc_column][\/vc_row][vc_row css_animation=&#8220;element_from_bottom&#8220; row_type=&#8220;row&#8220; use_row_as_full_screen_section=&#8220;no&#8220; type=&#8220;grid&#8220; angled_section=&#8220;no&#8220; text_align=&#8220;left&#8220; background_image_as_pattern=&#8220;without_pattern&#8220; z_index=&#8220;&#8220; padding_top=&#8220;50&#8243; padding_bottom=&#8220;200&#8243; el_class=&#8220;jtc-last-txt&#8220;][vc_column offset=&#8220;vc_col-md-offset-2 vc_col-md-8&#8243;][vc_column_text]<\/p>\n<h2>Flora<\/h2>\n<h2>von Heise-Rotenburg<br \/>\n<strong>Aerospace und Defense<\/strong><\/h2>\n<p>[\/vc_column_text][vc_empty_space height=&#8220;30px&#8220;][vc_column_text]Wir freuen uns sehr, eine so positive und herausragende Pers\u00f6nlichkeit wie Flora von Heise-Rotenburg im Team der Junis Trust Capital zu haben. Flora ist Expertin auf dem Gebiet Aerospace und Defense und ist bei der Junis Trust Capital Permanent Advisor. Als Botschafterin f\u00fcr Menschlichkeit setzt sie sich in der gesamten Gruppe unerm\u00fcdlich f\u00fcr die Gleichstellung aller Menschen jeglicher Couleur ein. Dies ist eine gro\u00dfe Bereicherung und erweitert unsere Kompetenz und Glaubw\u00fcrdigkeit im Personalwesen, insbesondere auch bei den Gewerkschaften.[\/vc_column_text][\/vc_column][\/vc_row][vc_row css_animation=&#8220;&#8220; row_type=&#8220;row&#8220; use_row_as_full_screen_section=&#8220;no&#8220; type=&#8220;full_width&#8220; angled_section=&#8220;no&#8220; text_align=&#8220;left&#8220; background_image_as_pattern=&#8220;without_pattern&#8220; z_index=&#8220;&#8220; background_color=&#8220;#7ab0b3&#8243; el_class=&#8220;jtc-teaser-backcolored&#8220; padding_top=&#8220;100&#8243; padding_bottom=&#8220;0&#8243; anchor=&#8220;suchkorridor&#8220;][vc_column][vc_row_inner row_type=&#8220;row&#8220; type=&#8220;grid&#8220; text_align=&#8220;center&#8220; css_animation=&#8220;&#8220;][vc_column_inner][vc_column_text]<\/p>\n<h2>Unser <strong>Suchkorridor<\/strong><\/h2>\n<p>[\/vc_column_text][\/vc_column_inner][\/vc_row_inner][vc_empty_space height=&#8220;100px&#8220;][vc_row_inner row_type=&#8220;row&#8220; type=&#8220;grid&#8220; text_align=&#8220;center&#8220; css_animation=&#8220;&#8220; el_class=&#8220;jtc-suchkorridor-icons&#8220;][vc_column_inner width=&#8220;1\/4&#8243;][vc_single_image image=&#8220;68&#8243; img_size=&#8220;full&#8220; alignment=&#8220;center&#8220; qode_css_animation=&#8220;&#8220;][vc_empty_space height=&#8220;30px&#8220;][vc_column_text]Mittelst\u00e4ndisch gepr\u00e4gte Gesellschaften ab 5 Mio.\u20ac bis 500 Mio.\u20ac Umsatz[\/vc_column_text][vc_empty_space height=&#8220;50px&#8220;][\/vc_column_inner][vc_column_inner width=&#8220;1\/4&#8243;][vc_single_image image=&#8220;69&#8243; img_size=&#8220;150 x 109&#8243; alignment=&#8220;center&#8220; qode_css_animation=&#8220;&#8220;][vc_empty_space height=&#8220;30px&#8220;][vc_column_text]Konzernausgliederungen Nachfolgeregelungen[\/vc_column_text][vc_empty_space height=&#8220;50px&#8220;][\/vc_column_inner][vc_column_inner width=&#8220;1\/4&#8243;][vc_single_image image=&#8220;74&#8243; img_size=&#8220;94 x 113&#8243; alignment=&#8220;center&#8220; qode_css_animation=&#8220;&#8220;][vc_empty_space height=&#8220;30px&#8220;][vc_column_text]Start-ups in industriellen Gesch\u00e4ftsbereichen und attraktiven Nischen[\/vc_column_text][vc_empty_space height=&#8220;50px&#8220;][\/vc_column_inner][vc_column_inner width=&#8220;1\/4&#8243;][vc_single_image image=&#8220;71&#8243; img_size=&#8220;full&#8220; alignment=&#8220;center&#8220; qode_css_animation=&#8220;&#8220;][vc_empty_space height=&#8220;30px&#8220;][vc_column_text]Unabh\u00e4ngig davon ist Junis Trust Capital immer an verr\u00fcckten Gesch\u00e4ftsideen interessiert[\/vc_column_text][vc_empty_space height=&#8220;50px&#8220;][\/vc_column_inner][\/vc_row_inner][vc_empty_space height=&#8220;80px&#8220;][\/vc_column][\/vc_row][vc_row css_animation=&#8220;&#8220; row_type=&#8220;row&#8220; use_row_as_full_screen_section=&#8220;no&#8220; type=&#8220;full_width&#8220; angled_section=&#8220;no&#8220; text_align=&#8220;left&#8220; background_image_as_pattern=&#8220;without_pattern&#8220; z_index=&#8220;&#8220; el_class=&#8220;jtc-our-mission-bg-imgX&#8220; padding_top=&#8220;200&#8243; anchor=&#8220;vision&#8220; padding_bottom=&#8220;200&#8243;][vc_column][vc_row_inner row_type=&#8220;row&#8220; type=&#8220;grid&#8220; text_align=&#8220;left&#8220; css_animation=&#8220;&#8220;][vc_column_inner offset=&#8220;vc_col-md-offset-2 vc_col-md-8&#8243;][vc_column_text]<\/p>\n<h2 style=\"text-align: center;\">Unsere <strong>Vision<\/strong><\/h2>\n<p>[\/vc_column_text][vc_empty_space height=&#8220;30px&#8220;][vc_column_text]<\/p>\n<p style=\"text-align: center;\">Wir sehen uns als eine weltoffene Familie, die mit Mut und Unternehmergeist neue Herausforderungen angeht und sich geradlinig allen Bedingungen und Anforderungen stellt.<\/p>\n<p>&nbsp;<\/p>\n<p style=\"text-align: center;\">Wir glauben an Flei\u00df, Dynamik und Respekt. Dies ist die Leitlinie unseres unternehmerischen Handelns.<\/p>\n<p>[\/vc_column_text][\/vc_column_inner][\/vc_row_inner][vc_empty_space height=&#8220;1px&#8220; el_class=&#8220;jtc-our-mission-spacingX&#8220;][\/vc_column][\/vc_row][vc_row css_animation=&#8220;&#8220; row_type=&#8220;row&#8220; use_row_as_full_screen_section=&#8220;no&#8220; type=&#8220;grid&#8220; angled_section=&#8220;no&#8220; text_align=&#8220;left&#8220; background_image_as_pattern=&#8220;without_pattern&#8220; z_index=&#8220;&#8220; padding_bottom=&#8220;200&#8243; el_class=&#8220;jtc-tripple-teaser&#8220; padding_top=&#8220;0&#8243;][vc_column width=&#8220;1\/3&#8243;][vc_single_image image=&#8220;355&#8243; img_size=&#8220;full&#8220; qode_css_animation=&#8220;&#8220;][vc_empty_space height=&#8220;30px&#8220;][\/vc_column][vc_column width=&#8220;1\/3&#8243;][vc_single_image image=&#8220;356&#8243; img_size=&#8220;full&#8220; qode_css_animation=&#8220;&#8220;][vc_empty_space height=&#8220;30px&#8220;][\/vc_column][vc_column width=&#8220;1\/3&#8243;][vc_single_image image=&#8220;357&#8243; img_size=&#8220;full&#8220; qode_css_animation=&#8220;&#8220;][vc_empty_space height=&#8220;30px&#8220;][\/vc_column][\/vc_row][vc_row css_animation=&#8220;&#8220; row_type=&#8220;row&#8220; use_row_as_full_screen_section=&#8220;no&#8220; type=&#8220;grid&#8220; angled_section=&#8220;no&#8220; text_align=&#8220;left&#8220; background_image_as_pattern=&#8220;without_pattern&#8220; z_index=&#8220;&#8220; padding_top=&#8220;200&#8243; anchor=&#8220;kontakt&#8220;][vc_column][qode_elements_holder number_of_columns=&#8220;three_columns&#8220; alignment_one_column=&#8220;center&#8220;][qode_elements_holder_item vertical_alignment=&#8220;middle&#8220; horizontal_alignment=&#8220;right&#8220; advanced_animations=&#8220;no&#8220; item_padding_600_768=&#8220;0&#8243; item_padding_480_600=&#8220;0&#8243; item_padding_1024_1280=&#8220;0 30px 0 0&#8243; item_padding_768_1024=&#8220;0 30px 0 0&#8243; item_padding_480=&#8220;0&#8243;][vc_column_text]<strong>Amina Kasah<\/strong><br \/>\nDirector Investor Relations[\/vc_column_text][vc_single_image image=&#8220;164&#8243; img_size=&#8220;full&#8220; alignment=&#8220;center&#8220; qode_css_animation=&#8220;&#8220; el_class=&#8220;jtc-amina-kasah-ar-mobile&#8220;][\/qode_elements_holder_item][qode_elements_holder_item vertical_alignment=&#8220;middle&#8220; horizontal_alignment=&#8220;center&#8220; advanced_animations=&#8220;no&#8220;][vc_empty_space height=&#8220;30px&#8220;][vc_single_image image=&#8220;203&#8243; img_size=&#8220;full&#8220; alignment=&#8220;center&#8220; style=&#8220;vc_box_circle_2&#8243; qode_css_animation=&#8220;&#8220;][vc_empty_space height=&#8220;30px&#8220;][vc_column_text]<a href=\"mailto:info@junistrust.com\">info@junistrust.com<\/a>[\/vc_column_text][\/qode_elements_holder_item][qode_elements_holder_item vertical_alignment=&#8220;middle&#8220; horizontal_alignment=&#8220;left&#8220; advanced_animations=&#8220;no&#8220;][vc_single_image image=&#8220;163&#8243; img_size=&#8220;full&#8220; qode_css_animation=&#8220;&#8220; el_class=&#8220;jtc-amina-kasah-ar-desktop&#8220;][\/qode_elements_holder_item][\/qode_elements_holder][\/vc_column][\/vc_row]<\/p>\n","protected":false},"excerpt":{"rendered":"<p>[vc_row css_animation=&#8220;element_from_fade&#8220; row_type=&#8220;row&#8220; use_row_as_full_screen_section=&#8220;no&#8220; type=&#8220;full_width&#8220; angled_section=&#8220;no&#8220; text_align=&#8220;left&#8220; background_image_as_pattern=&#8220;without_pattern&#8220; el_class=&#8220;jtc-teaser-backcolored&#8220; z_index=&#8220;&#8220;][vc_column el_class=&#8220;jtc-reversed-columns&#8220;][qode_elements_holder number_of_columns=&#8220;two_columns&#8220; switch_to_one_column=&#8220;1300&#8243;][qode_elements_holder_item vertical_alignment=&#8220;middle&#8220; advanced_animations=&#8220;no&#8220; background_color=&#8220;#7ab0b3&#8243; item_padding=&#8220;10%&#8220;][vc_column_text] Willkommen bei JUNIS TRUST CAPITAL [\/vc_column_text][vc_empty_space height=&#8220;50px&#8220;][vc_column_text]Junis Trust Capital ist eine Beteiligungsgesellschaft, die in mittelst\u00e4ndische Unternehmen investiert, welche auf ein funktionierendes Gesch\u00e4ftsmodell zur\u00fcckgreifen und durch den Einsatz monet\u00e4rer,&#8230;<\/p>\n","protected":false},"author":1,"featured_media":0,"parent":0,"menu_order":0,"comment_status":"closed","ping_status":"closed","template":"full_width.php","meta":[],"_links":{"self":[{"href":"https:\/\/junistrustcapital.com\/index.php?rest_route=\/wp\/v2\/pages\/235"}],"collection":[{"href":"https:\/\/junistrustcapital.com\/index.php?rest_route=\/wp\/v2\/pages"}],"about":[{"href":"https:\/\/junistrustcapital.com\/index.php?rest_route=\/wp\/v2\/types\/page"}],"author":[{"embeddable":true,"href":"https:\/\/junistrustcapital.com\/index.php?rest_route=\/wp\/v2\/users\/1"}],"replies":[{"embeddable":true,"href":"https:\/\/junistrustcapital.com\/index.php?rest_route=%2Fwp%2Fv2%2Fcomments&post=235"}],"version-history":[{"count":42,"href":"https:\/\/junistrustcapital.com\/index.php?rest_route=\/wp\/v2\/pages\/235\/revisions"}],"predecessor-version":[{"id":308,"href":"https:\/\/junistrustcapital.com\/index.php?rest_route=\/wp\/v2\/pages\/235\/revisions\/308"}],"wp:attachment":[{"href":"https:\/\/junistrustcapital.com\/index.php?rest_route=%2Fwp%2Fv2%2Fmedia&parent=235"}],"curies":[{"name":"wp","href":"https:\/\/api.w.org\/{rel}","templated":true}]}}