{"id":135,"date":"2020-07-21T09:37:39","date_gmt":"2020-07-21T09:37:39","guid":{"rendered":"http:\/\/home.junistrustcapital.com\/?page_id=135"},"modified":"2023-10-20T06:17:10","modified_gmt":"2023-10-20T06:17:10","slug":"impressum","status":"publish","type":"page","link":"https:\/\/junistrustcapital.com\/?page_id=135&lang=en","title":{"rendered":"Impressum"},"content":{"rendered":"<p>[vc_row css_animation=&#8220;&#8220; row_type=&#8220;row&#8220; use_row_as_full_screen_section=&#8220;no&#8220; type=&#8220;full_width&#8220; angled_section=&#8220;no&#8220; text_align=&#8220;left&#8220; background_image_as_pattern=&#8220;without_pattern&#8220;][vc_column][vc_column_text]<\/p>\n<h2>Impressum<\/h2>\n<p>[\/vc_column_text][vc_empty_space height=&#8220;30px&#8220;][vc_column_text]<strong>1. Pflichtangaben zum Dienstanbieter gem\u00e4\u00df \u00a7 5 Abs. 1 TMG (Telemediengesetz)<\/strong><\/p>\n<p>&nbsp;<\/p>\n<p>Junis Trust Capital GmbH<br \/>\nFranz-Joseph-Str. 11<br \/>\n80801 M\u00fcnchen<\/p>\n<p>&nbsp;<\/p>\n<p><strong>Kontakt:<\/strong><br \/>\nTel.: +49 89 9982 9680-0<br \/>\nE-Mail: info@junistrust.com<\/p>\n<p>&nbsp;<\/p>\n<p><strong>Vertretungsberechtigt:<\/strong><br \/>\nSteve R\u00f6per<\/p>\n<p>&nbsp;<\/p>\n<p><strong>Handelsregister:<\/strong><br \/>\nAmtsgericht M\u00fcnchen HRB 255800<\/p>\n<p>&nbsp;<\/p>\n<p><strong>2. Verantwortlichkeit<\/strong><\/p>\n<p>&nbsp;<\/p>\n<p>Als Diensteanbieter im Sinne des Telemedienrechts sind wird f\u00fcr eigene Inhalte, die wir in unserem Internet-Angebot bereithalten, nach den allgemeinen Gesetzen verantwortlich.<\/p>\n<p>&nbsp;<\/p>\n<p>Die Verantwortung f\u00fcr Informationen die von anderen Diensteanbietern bereit gehaltenen werden und auf die u.a. durch Links in unserem Internet-Angebot verwiesen wird, liegt alleine bei dem Diensteanbieter, der die Informationen bereit h\u00e4lt. Informationen in solchen Internet-Angeboten k\u00f6nnen jederzeit ohne unser Wissen ge\u00e4ndert werden. Wir sind nicht verpflichtet, fremde Informationen zu \u00fcberwachen. Bei Bekanntwerden von entsprechenden Rechtsverletzungen werden wir diese Inhalte jedoch umgehend entfernen.<\/p>\n<p>&nbsp;<\/p>\n<p><strong>3. Urheber- und Nutzungsrechte<\/strong><\/p>\n<p>&nbsp;<\/p>\n<p>Unser Internet-Angebot ist sowohl als ganzes als auch in Teilen rechtlich gesch\u00fctzt. Insbesondere werden Inhalte und Dateien in unserem Internet-Angebot durch das deutsche Urheberrechtsgesetz und internationale Abkommen weltweit gesch\u00fctzt.<\/p>\n<p>&nbsp;<\/p>\n<p>Die Vervielf\u00e4ltigung, Bearbeitung, Verbreitung und\/oder \u00f6ffentliche Zug\u00e4nglichmachung rechtlicher gesch\u00fctzter Inhalte \u2013 soweit nicht kraft Gesetzes erlaubt \u2013 bedarf unserer vorherigen, schriftlichen Zustimmung.<\/p>\n<p>&nbsp;<\/p>\n<p><strong>Konzept &amp; Design:<\/strong> Chris Jegl, <a href=\"https:\/\/chrisjegl.de\/\" target=\"_blank\" rel=\"noopener noreferrer\">www.chrisjegl.de<\/a><\/p>\n<p>&nbsp;<\/p>\n<p><strong>Technische Umsetzung:<\/strong> Yalcin Kilic, <a href=\"mailto:info@yalcinkilic.de\" target=\"_blank\" rel=\"noopener noreferrer\">info@yalcinkilic.de<\/a>[\/vc_column_text][\/vc_column][\/vc_row]<\/p>\n","protected":false},"excerpt":{"rendered":"<p>[vc_row css_animation=&#8220;&#8220; row_type=&#8220;row&#8220; use_row_as_full_screen_section=&#8220;no&#8220; type=&#8220;full_width&#8220; angled_section=&#8220;no&#8220; text_align=&#8220;left&#8220; background_image_as_pattern=&#8220;without_pattern&#8220;][vc_column][vc_column_text] Impressum [\/vc_column_text][vc_empty_space height=&#8220;30px&#8220;][vc_column_text]1. Pflichtangaben zum Dienstanbieter gem\u00e4\u00df \u00a7 5 Abs. 1 TMG (Telemediengesetz) &nbsp; Junis Trust Capital GmbH Franz-Joseph-Str. 11 80801 M\u00fcnchen &nbsp; Kontakt: Tel.: +49 89 9982 9680-0 E-Mail: info@junistrust.com &nbsp; Vertretungsberechtigt: Steve R\u00f6per &nbsp; Handelsregister:&#8230;<\/p>\n","protected":false},"author":1,"featured_media":0,"parent":0,"menu_order":0,"comment_status":"closed","ping_status":"closed","template":"","meta":[],"_links":{"self":[{"href":"https:\/\/junistrustcapital.com\/index.php?rest_route=\/wp\/v2\/pages\/135"}],"collection":[{"href":"https:\/\/junistrustcapital.com\/index.php?rest_route=\/wp\/v2\/pages"}],"about":[{"href":"https:\/\/junistrustcapital.com\/index.php?rest_route=\/wp\/v2\/types\/page"}],"author":[{"embeddable":true,"href":"https:\/\/junistrustcapital.com\/index.php?rest_route=\/wp\/v2\/users\/1"}],"replies":[{"embeddable":true,"href":"https:\/\/junistrustcapital.com\/index.php?rest_route=%2Fwp%2Fv2%2Fcomments&post=135"}],"version-history":[{"count":12,"href":"https:\/\/junistrustcapital.com\/index.php?rest_route=\/wp\/v2\/pages\/135\/revisions"}],"predecessor-version":[{"id":351,"href":"https:\/\/junistrustcapital.com\/index.php?rest_route=\/wp\/v2\/pages\/135\/revisions\/351"}],"wp:attachment":[{"href":"https:\/\/junistrustcapital.com\/index.php?rest_route=%2Fwp%2Fv2%2Fmedia&parent=135"}],"curies":[{"name":"wp","href":"https:\/\/api.w.org\/{rel}","templated":true}]}}